{"id":2941,"date":"2020-09-02T11:41:17","date_gmt":"2020-09-02T09:41:17","guid":{"rendered":"https:\/\/firemnauniverzita.sk\/index.php\/?page_id=2941"},"modified":"2020-09-17T21:47:10","modified_gmt":"2020-09-17T19:47:10","slug":"firemna-univerzita-balicek-prezitia","status":"publish","type":"page","link":"https:\/\/firemnauniverzita.sk\/index.php\/firemna-univerzita-balicek-prezitia\/","title":{"rendered":"Firemn\u00e1 univerzita: Bal\u00ed\u010dek pre\u017eitia"},"content":{"rendered":"\n<h3 class=\"wp-block-heading\">Z\u00e1kladn\u00fd bal\u00ed\u010dek pre\u017eitia firemn\u00e9ho vzdel\u00e1vania a odborn\u00e9ho rozvoja zamestnancov nie len po\u010das Corona kr\u00edzy. <\/h3>\n\n\n\n<div class=\"wp-block-image\"><figure class=\"aligncenter size-large\"><img data-recalc-dims=\"1\" loading=\"lazy\" decoding=\"async\" width=\"525\" height=\"84\" data-attachment-id=\"2949\" data-permalink=\"https:\/\/firemnauniverzita.sk\/index.php\/firemna-univerzita-balicek-prezitia\/bar\/\" data-orig-file=\"https:\/\/i0.wp.com\/firemnauniverzita.sk\/wp-content\/uploads\/2020\/09\/bar.jpg?fit=560%2C90&amp;ssl=1\" data-orig-size=\"560,90\" data-comments-opened=\"1\" data-image-meta=\"{&quot;aperture&quot;:&quot;0&quot;,&quot;credit&quot;:&quot;&quot;,&quot;camera&quot;:&quot;&quot;,&quot;caption&quot;:&quot;&quot;,&quot;created_timestamp&quot;:&quot;0&quot;,&quot;copyright&quot;:&quot;&quot;,&quot;focal_length&quot;:&quot;0&quot;,&quot;iso&quot;:&quot;0&quot;,&quot;shutter_speed&quot;:&quot;0&quot;,&quot;title&quot;:&quot;&quot;,&quot;orientation&quot;:&quot;0&quot;}\" data-image-title=\"bar\" data-image-description=\"\" data-image-caption=\"\" data-large-file=\"https:\/\/i0.wp.com\/firemnauniverzita.sk\/wp-content\/uploads\/2020\/09\/bar.jpg?fit=525%2C84&amp;ssl=1\" src=\"https:\/\/i0.wp.com\/firemnauniverzita.sk\/wp-content\/uploads\/2020\/09\/bar.jpg?resize=525%2C84&#038;ssl=1\" alt=\"\" class=\"wp-image-2949\" srcset=\"https:\/\/i0.wp.com\/firemnauniverzita.sk\/wp-content\/uploads\/2020\/09\/bar.jpg?w=560&amp;ssl=1 560w, https:\/\/i0.wp.com\/firemnauniverzita.sk\/wp-content\/uploads\/2020\/09\/bar.jpg?resize=300%2C48&amp;ssl=1 300w\" sizes=\"auto, (max-width: 525px) 100vw, 525px\" \/><\/figure><\/div>\n\n\n\n<h1 class=\"wp-block-heading\">Komu je bal\u00ed\u010dek ur\u010den\u00fd<\/h1>\n\n\n\n<figure class=\"wp-block-table is-style-regular\"><table><tbody><tr><td>Mana\u017e\u00e9ri \u013eudsk\u00fdch zdrojov<\/td><td>Metodick\u00e1 a technologick\u00e1 podpora<\/td><\/tr><tr><td>Zamestnanci oddelen\u00ed vzdel\u00e1vania<\/td><td>Technologick\u00e1 a prev\u00e1dzkov\u00e1 podpora<\/td><\/tr><tr><td>T\u00edml\u00eddri a vlastn\u00edci procesov<\/td><td>Podpora prev\u00e1dzky a z\u00e1lo\u017en\u00e9 rie\u0161enia<\/td><\/tr><tr><td>Pracovn\u00edci s agendou BOZP a GDPR<\/td><td>Distrib\u00facia obozn\u00e1men\u00ed a ochrana d\u00f4kazmi<\/td><\/tr><\/tbody><\/table><\/figure>\n\n\n\n<h1 class=\"wp-block-heading\">Pou\u017eite bal\u00ed\u010dka<\/h1>\n\n\n\n<figure class=\"wp-block-table is-style-regular\"><table class=\"has-subtle-pale-pink-background-color has-background\"><tbody><tr><td>Rie\u0161enie pre efekt\u00edvny Home Office &#8211; pr\u00e1cu z domu<br>Rozvojov\u00e9 aktivity po\u010das karant\u00e9ny<br>Zabezpe\u010denie nepriamej komunik\u00e1cie pri dodr\u017ean\u00ed obmedzen\u00ed osobn\u00e9ho kontaktu<\/td><\/tr><\/tbody><\/table><\/figure>\n\n\n\n<div class=\"wp-block-image\"><figure class=\"aligncenter size-large\"><img data-recalc-dims=\"1\" loading=\"lazy\" decoding=\"async\" width=\"260\" height=\"260\" data-attachment-id=\"2951\" data-permalink=\"https:\/\/firemnauniverzita.sk\/index.php\/firemna-univerzita-balicek-prezitia\/dot2\/\" data-orig-file=\"https:\/\/i0.wp.com\/firemnauniverzita.sk\/wp-content\/uploads\/2020\/09\/dot2.jpg?fit=260%2C260&amp;ssl=1\" data-orig-size=\"260,260\" data-comments-opened=\"1\" data-image-meta=\"{&quot;aperture&quot;:&quot;0&quot;,&quot;credit&quot;:&quot;&quot;,&quot;camera&quot;:&quot;&quot;,&quot;caption&quot;:&quot;&quot;,&quot;created_timestamp&quot;:&quot;0&quot;,&quot;copyright&quot;:&quot;&quot;,&quot;focal_length&quot;:&quot;0&quot;,&quot;iso&quot;:&quot;0&quot;,&quot;shutter_speed&quot;:&quot;0&quot;,&quot;title&quot;:&quot;&quot;,&quot;orientation&quot;:&quot;0&quot;}\" data-image-title=\"dot2\" data-image-description=\"\" data-image-caption=\"\" data-large-file=\"https:\/\/i0.wp.com\/firemnauniverzita.sk\/wp-content\/uploads\/2020\/09\/dot2.jpg?fit=260%2C260&amp;ssl=1\" src=\"https:\/\/i0.wp.com\/firemnauniverzita.sk\/wp-content\/uploads\/2020\/09\/dot2.jpg?resize=260%2C260&#038;ssl=1\" alt=\"Firemn\u00e1 univerzita survival pack\" class=\"wp-image-2951\" srcset=\"https:\/\/i0.wp.com\/firemnauniverzita.sk\/wp-content\/uploads\/2020\/09\/dot2.jpg?w=260&amp;ssl=1 260w, https:\/\/i0.wp.com\/firemnauniverzita.sk\/wp-content\/uploads\/2020\/09\/dot2.jpg?resize=150%2C150&amp;ssl=1 150w, https:\/\/i0.wp.com\/firemnauniverzita.sk\/wp-content\/uploads\/2020\/09\/dot2.jpg?resize=100%2C100&amp;ssl=1 100w\" sizes=\"auto, (max-width: 260px) 100vw, 260px\" \/><\/figure><\/div>\n\n\n\n<h1 class=\"wp-block-heading\">Bal\u00ed\u010dek obsahuje<\/h1>\n\n\n\n<ul class=\"wp-block-list\"><li>Online komunik\u00e1ciu: rozhovory, porady, prezent\u00e1cie&#8230;<\/li><li>Distrib\u00facia materi\u00e1lov: textov\u00e9, multim\u00e9di\u00e1, interakt\u00edvne&#8230;<\/li><li>Podpore tvorby obsahu: interakt\u00edvne prvky, audio a video koment\u00e1re, testy a prieskumy&#8230;<\/li><li>Riadenie procesu: spr\u00edstup\u0148ovanie, sledovanie aktiv\u00edt a v\u00fdsledkov z\u00fa\u010dastnen\u00fdch&#8230;<\/li><li>Podpora dlhodob\u00fdch \u00faloh a pl\u00e1nov: rozvojov\u00e9 pl\u00e1ny, zlep\u0161ovanie, inov\u00e1cie, hodnotenia&#8230;<\/li><\/ul>\n\n\n\n<h1 class=\"wp-block-heading\">Z\u00e1kladn\u00e1 cena<\/h1>\n\n\n\n<p>Uv\u00e1dzacia cena obsahuje aktiv\u00e1ciu a nasadenie rie\u0161enia u klienta. <br>V pr\u00edpade, \u017ee chcete vedie\u0165 viac, alebo m\u00e1te \u0161pecifick\u00e9 po\u017eiadavky, vy\u017eiadajte si ponuku pre Va\u0161u \u0161pecifick\u00fa situ\u00e1ciu.<\/p>\n\n\n\n<div class=\"wp-block-image\"><figure class=\"aligncenter size-large\"><img data-recalc-dims=\"1\" loading=\"lazy\" decoding=\"async\" width=\"261\" height=\"260\" data-attachment-id=\"2953\" data-permalink=\"https:\/\/firemnauniverzita.sk\/index.php\/firemna-univerzita-balicek-prezitia\/price\/\" data-orig-file=\"https:\/\/i0.wp.com\/firemnauniverzita.sk\/wp-content\/uploads\/2020\/09\/price.jpg?fit=261%2C260&amp;ssl=1\" data-orig-size=\"261,260\" data-comments-opened=\"1\" data-image-meta=\"{&quot;aperture&quot;:&quot;0&quot;,&quot;credit&quot;:&quot;&quot;,&quot;camera&quot;:&quot;&quot;,&quot;caption&quot;:&quot;&quot;,&quot;created_timestamp&quot;:&quot;0&quot;,&quot;copyright&quot;:&quot;&quot;,&quot;focal_length&quot;:&quot;0&quot;,&quot;iso&quot;:&quot;0&quot;,&quot;shutter_speed&quot;:&quot;0&quot;,&quot;title&quot;:&quot;&quot;,&quot;orientation&quot;:&quot;0&quot;}\" data-image-title=\"price\" data-image-description=\"\" data-image-caption=\"\" data-large-file=\"https:\/\/i0.wp.com\/firemnauniverzita.sk\/wp-content\/uploads\/2020\/09\/price.jpg?fit=261%2C260&amp;ssl=1\" src=\"https:\/\/i0.wp.com\/firemnauniverzita.sk\/wp-content\/uploads\/2020\/09\/price.jpg?resize=261%2C260&#038;ssl=1\" alt=\"\" class=\"wp-image-2953\" srcset=\"https:\/\/i0.wp.com\/firemnauniverzita.sk\/wp-content\/uploads\/2020\/09\/price.jpg?w=261&amp;ssl=1 261w, https:\/\/i0.wp.com\/firemnauniverzita.sk\/wp-content\/uploads\/2020\/09\/price.jpg?resize=150%2C150&amp;ssl=1 150w, https:\/\/i0.wp.com\/firemnauniverzita.sk\/wp-content\/uploads\/2020\/09\/price.jpg?resize=100%2C100&amp;ssl=1 100w\" sizes=\"auto, (max-width: 261px) 100vw, 261px\" \/><\/figure><\/div>\n\n\n\n<p class=\"has-text-align-center\">alebo<\/p>\n\n\n\n<div class=\"wp-block-image\"><figure class=\"aligncenter size-large\"><a href=\"https:\/\/oz.virta.sk\/projekt-distribucie-balicka-prezitia-pre-hr-manazerov\/\" target=\"_blank\" rel=\"noopener noreferrer\"><img data-recalc-dims=\"1\" loading=\"lazy\" decoding=\"async\" width=\"260\" height=\"260\" data-attachment-id=\"2982\" data-permalink=\"https:\/\/firemnauniverzita.sk\/index.php\/firemna-univerzita-balicek-prezitia\/null\/\" data-orig-file=\"https:\/\/i0.wp.com\/firemnauniverzita.sk\/wp-content\/uploads\/2020\/09\/null.jpg?fit=260%2C260&amp;ssl=1\" data-orig-size=\"260,260\" data-comments-opened=\"1\" data-image-meta=\"{&quot;aperture&quot;:&quot;0&quot;,&quot;credit&quot;:&quot;&quot;,&quot;camera&quot;:&quot;&quot;,&quot;caption&quot;:&quot;&quot;,&quot;created_timestamp&quot;:&quot;0&quot;,&quot;copyright&quot;:&quot;&quot;,&quot;focal_length&quot;:&quot;0&quot;,&quot;iso&quot;:&quot;0&quot;,&quot;shutter_speed&quot;:&quot;0&quot;,&quot;title&quot;:&quot;&quot;,&quot;orientation&quot;:&quot;0&quot;}\" data-image-title=\"null\" data-image-description=\"\" data-image-caption=\"\" data-large-file=\"https:\/\/i0.wp.com\/firemnauniverzita.sk\/wp-content\/uploads\/2020\/09\/null.jpg?fit=260%2C260&amp;ssl=1\" src=\"https:\/\/i0.wp.com\/firemnauniverzita.sk\/wp-content\/uploads\/2020\/09\/null.jpg?resize=260%2C260&#038;ssl=1\" alt=\"\" class=\"wp-image-2982\" srcset=\"https:\/\/i0.wp.com\/firemnauniverzita.sk\/wp-content\/uploads\/2020\/09\/null.jpg?w=260&amp;ssl=1 260w, https:\/\/i0.wp.com\/firemnauniverzita.sk\/wp-content\/uploads\/2020\/09\/null.jpg?resize=150%2C150&amp;ssl=1 150w, https:\/\/i0.wp.com\/firemnauniverzita.sk\/wp-content\/uploads\/2020\/09\/null.jpg?resize=100%2C100&amp;ssl=1 100w\" sizes=\"auto, (max-width: 260px) 100vw, 260px\" \/><\/a><\/figure><\/div>\n\n\n\n<p>Po zak\u00fapen\u00ed\/aktiv\u00e1cii bal\u00ed\u010dka bude Va\u0161ej organiz\u00e1cii vytvoren\u00fd dedikovan\u00fd port\u00e1l firemnej univerzity so z\u00e1kladnou sadou obsahu a n\u00e1vodov. Po dohode prebehne import zamestnancov do syst\u00e9mu, a zaradia sa do organiza\u010dnej \u0161trukt\u00fary. N\u00e1sledne ich oslov\u00edme a uvedieme ich do problematiky.<\/p>\n\n\n\n<p>Opr\u00e1vnen\u00e9 osoby z\u00edskaj\u00fa pr\u00edstup k n\u00e1strojom a k podpore, ktor\u00e1 pom\u00f4\u017ee rie\u0161i\u0165 individu\u00e1lne potreby organiz\u00e1cie alebo t\u00edmov.<\/p>\n\n\n\n<p>V pr\u00edpade aktiv\u00e1cie bezplatn\u00e9ho bal\u00edka s\u00fa realizovan\u00e9 jednotliv\u00e9 kroku pod\u013ea disponibility t\u00edmu. Pri platenom bal\u00edku garantujeme realiz\u00e1ciu krokov do dvoch pracovn\u00fdch dn\u00ed od naplnenia s\u00fa\u010dinnosti.<\/p>\n\n\n<div class=\"wp-block-jetpack-contact-form is-layout-flex wp-container-jetpack-contact-form-is-layout-faa3ad1c wp-block-jetpack-contact-form-is-layout-flex\"><a href=\"https:\/\/firemnauniverzita.sk\/index.php\/firemna-univerzita-balicek-prezitia\/\" target=\"_blank\" rel=\"noopener noreferrer\">Submit a form.<\/a><\/div>\n\n\n<p><\/p>\n","protected":false},"excerpt":{"rendered":"<p>Z\u00e1kladn\u00fd bal\u00ed\u010dek pre\u017eitia firemn\u00e9ho vzdel\u00e1vania a odborn\u00e9ho rozvoja zamestnancov nie len po\u010das Corona kr\u00edzy. Komu je bal\u00ed\u010dek ur\u010den\u00fd Mana\u017e\u00e9ri \u013eudsk\u00fdch zdrojov Metodick\u00e1 a technologick\u00e1 podpora Zamestnanci oddelen\u00ed vzdel\u00e1vania Technologick\u00e1 a prev\u00e1dzkov\u00e1 podpora T\u00edml\u00eddri a vlastn\u00edci procesov Podpora prev\u00e1dzky a z\u00e1lo\u017en\u00e9 rie\u0161enia Pracovn\u00edci s agendou BOZP a GDPR Distrib\u00facia obozn\u00e1men\u00ed a ochrana d\u00f4kazmi Pou\u017eite bal\u00ed\u010dka Rie\u0161enie &hellip; <\/p>\n<p class=\"link-more\"><a href=\"https:\/\/firemnauniverzita.sk\/index.php\/firemna-univerzita-balicek-prezitia\/\" class=\"more-link\">Pokra\u010dova\u0165 v \u010d\u00edtan\u00ed<span class=\"screen-reader-text\"> &#8222;Firemn\u00e1 univerzita: Bal\u00ed\u010dek pre\u017eitia&#8220;<\/span><\/a><\/p>\n","protected":false},"author":1,"featured_media":2956,"parent":0,"menu_order":0,"comment_status":"closed","ping_status":"closed","template":"","meta":{"_monsterinsights_skip_tracking":false,"_monsterinsights_sitenote_active":false,"_monsterinsights_sitenote_note":"","_monsterinsights_sitenote_category":0,"footnotes":""},"class_list":["post-2941","page","type-page","status-publish","has-post-thumbnail","hentry"],"jetpack_sharing_enabled":true,"jetpack_shortlink":"https:\/\/wp.me\/P8pkjx-Lr","jetpack-related-posts":[],"jetpack_likes_enabled":true,"_links":{"self":[{"href":"https:\/\/firemnauniverzita.sk\/index.php\/wp-json\/wp\/v2\/pages\/2941","targetHints":{"allow":["GET"]}}],"collection":[{"href":"https:\/\/firemnauniverzita.sk\/index.php\/wp-json\/wp\/v2\/pages"}],"about":[{"href":"https:\/\/firemnauniverzita.sk\/index.php\/wp-json\/wp\/v2\/types\/page"}],"author":[{"embeddable":true,"href":"https:\/\/firemnauniverzita.sk\/index.php\/wp-json\/wp\/v2\/users\/1"}],"replies":[{"embeddable":true,"href":"https:\/\/firemnauniverzita.sk\/index.php\/wp-json\/wp\/v2\/comments?post=2941"}],"version-history":[{"count":14,"href":"https:\/\/firemnauniverzita.sk\/index.php\/wp-json\/wp\/v2\/pages\/2941\/revisions"}],"predecessor-version":[{"id":2988,"href":"https:\/\/firemnauniverzita.sk\/index.php\/wp-json\/wp\/v2\/pages\/2941\/revisions\/2988"}],"wp:featuredmedia":[{"embeddable":true,"href":"https:\/\/firemnauniverzita.sk\/index.php\/wp-json\/wp\/v2\/media\/2956"}],"wp:attachment":[{"href":"https:\/\/firemnauniverzita.sk\/index.php\/wp-json\/wp\/v2\/media?parent=2941"}],"curies":[{"name":"wp","href":"https:\/\/api.w.org\/{rel}","templated":true}]}}